{"id":3247,"date":"2022-10-24T08:38:03","date_gmt":"2022-10-24T08:38:03","guid":{"rendered":"https:\/\/doanhnghiepsonhung.vn\/?page_id=3247"},"modified":"2024-08-19T03:12:05","modified_gmt":"2024-08-19T03:12:05","slug":"bang-gia","status":"publish","type":"page","link":"https:\/\/doanhnghiepsonhung.vn\/index.php\/bang-gia\/","title":{"rendered":"B\u1ea3ng gi\u00e1"},"content":{"rendered":"<p>[vc_row][vc_column]<div class=\"ult-spacer spacer-69e78be83ca41\" data-id=\"69e78be83ca41\" data-height=\"50\" data-height-mobile=\"50\" data-height-tab=\"50\" data-height-tab-portrait=\"\" data-height-mobile-landscape=\"\" style=\"clear:both;display:block;\"><\/div><div id=\"ultimate-heading-681369e78be83ca8e\" class=\"uvc-heading ult-adjust-bottom-margin ultimate-heading-681369e78be83ca8e uvc-4034 \" data-hspacer=\"no_spacer\"  data-halign=\"left\" style=\"text-align:left\"><div class=\"uvc-heading-spacer no_spacer\" style=\"top\"><\/div><div class=\"uvc-main-heading ult-responsive\"  data-ultimate-target='.uvc-heading.ultimate-heading-681369e78be83ca8e h2'  data-responsive-json-new='{\"font-size\":\"\",\"line-height\":\"\"}' ><h2 style=\"font-weight:normal;\">B\u1ea3ng gi\u00e1 \u0111\u01b0\u1eddng d\u00e0i cho xe 7 ch\u1ed7<\/h2><\/div><\/div><div class=\"ult-spacer spacer-69e78be83cae4\" data-id=\"69e78be83cae4\" data-height=\"25\" data-height-mobile=\"25\" data-height-tab=\"25\" data-height-tab-portrait=\"\" data-height-mobile-landscape=\"\" style=\"clear:both;display:block;\"><\/div>[vc_column_text]<strong><span style=\"font-size: 16px;\">L\u01b0u \u00fd: xe 4 ch\u1ed7 gi\u00e1 th\u1ea5p h\u01a1n.<\/span><br \/>\n<\/strong><\/p>\n<p><b>\u0110\u1eb7c bi\u1ec7t:<\/b> \u01afu ti\u00ean cho kh\u00e1ch h\u00e0ng l\u00e0 kh\u00e1ch m\u1edbi v\u00e0 kh\u00e1ch m\u1ed1i c\u1ee7a doanh nghi\u1ec7p, gi\u1ea3m 3-5% cho h\u1ee3p \u0111\u1ed3ng \u0111i t\u1ec9nh th\u00e0nh ph\u1ed1 kh\u00e1c.<\/p>\n<p><strong>Tuy\u1ebfn \u0111\u01b0\u1eddng \u01afu \u0111\u00e3i \u0111\u1eb7c bi\u1ec7t<\/strong>:<\/p>\n<ul style=\"margin-bottom: 20px;\">\n<li>V\u0169ng T\u00e0u &#8211; B\u00e0 R\u1ecba: Chi\u1ec1u \u0111i 320.000 vn\u0111 kh\u1ed1ng ch\u1ebf 25km, 2 chi\u1ec1u 450.000 vn\u0111 kh\u1ed1ng ch\u1ebf 50km<\/li>\n<li>V\u0169ng T\u00e0u &#8211; S\u00e0i G\u00f2n: Chi\u1ec1u \u0111i 1.000.000 vn\u0111 kh\u1ed1ng ch\u1ebf 110km, 2 chi\u1ec1u 1.600.000 vn\u0111 kh\u1ed1ng ch\u1ebf 220km<\/li>\n<\/ul>\n<p>[\/vc_column_text]<div class=\"ult-spacer spacer-69e78be83cb0c\" data-id=\"69e78be83cb0c\" data-height=\"40\" data-height-mobile=\"40\" data-height-tab=\"40\" data-height-tab-portrait=\"\" data-height-mobile-landscape=\"\" style=\"clear:both;display:block;\"><\/div>[vc_raw_html]JTNDdGFibGUlM0UlMEElMjAlMjAlMjAlMjAlM0N0ciUzRSUwQSUyMCUyMCUyMCUyMCUyMCUyMCUyMCUyMCUzQ3RoJTIwcm93c3BhbiUzRCUyMjIlMjIlM0VYdSVFMSVCQSVBNXQlMjBwaCVDMyVBMXQlMjB0JUUxJUJCJUFCJTIwJTIwJTIwJTIwJTIwJTIwJTIwJTIwJTIwJTIwJTIwJTIwJTIwJTIwJTIwJTIwJTIwJTIwJTIwJTIwJTIwJTIwJTIwJTIwJTIwJTIwJTIwJTIwJTIwJTIwJTIwJTIwViVDNSVBOE5HJTIwVCVDMyU4MFUlMjAlM0MlMkZ0aCUzRSUwQSUyMCUyMCUyMCUyMCUyMCUyMCUyMCUyMCUzQ3RoJTIwY29sc3BhbiUzRCUyMjIlMjIlM0UlQzQlOTBJJTIwMiUyMENISSVFMSVCQiU4MFUlMjAlM0MlMkZ0aCUzRSUwQSUyMCUyMCUyMCUyMCUzQyUyRnRyJTNFJTBBJTIwJTIwJTIwJTIwJTNDdHIlM0UlMEElMjAlMjAlMjAlMjAlMjAlMjAlMjAlMjAlM0N0aCUzRUtNJTIwJTIwJTIwJTIwJTIwJTIwJTIwJTIwJTIwJTIwJTIwSy5DaCVFMSVCQSVCRiUzQyUyRnRoJTNFJTBBJTIwJTIwJTIwJTIwJTIwJTIwJTIwJTIwJTNDdGglM0VHSSVDMyU4MSUyMEMlQzYlQUYlRTElQkIlOUFDJTIwJTNDJTJGdGglM0UlMEElMjAlMjAlMjAlMjAlM0MlMkZ0ciUzRSUwQSUyMCUyMCUyMCUyMCUzQ3RyJTNFJTBBJTIwJTIwJTIwJTIwJTIwJTIwJTIwJTIwJTNDdGQlM0VCJUMzJUEwJTIwUiVFMSVCQiU4QmElMkMlMjBMb25nJTIwUyVDNiVBMW4lM0MlMkZ0ZCUzRSUwQSUyMCUyMCUyMCUyMCUyMCUyMCUyMCUyMCUzQ3RkJTNFNTAlM0MlMkZ0ZCUzRSUwQSUyMCUyMCUyMCUyMCUyMCUyMCUyMCUyMCUzQ3RkJTNFNDUwJTJDMDAwJTNDJTJGdGQlM0UlMEElMjAlMjAlMjAlMjAlM0MlMkZ0ciUzRSUwQSUyMCUyMCUyMCUyMCUzQ3RyJTNFJTBBJTIwJTIwJTIwJTIwJTIwJTIwJTIwJTIwJTNDdGQlM0VIJUMzJUIyYSUyMExvbmclM0MlMkZ0ZCUzRSUwQSUyMCUyMCUyMCUyMCUyMCUyMCUyMCUyMCUzQ3RkJTNFNjAlM0MlMkZ0ZCUzRSUwQSUyMCUyMCUyMCUyMCUyMCUyMCUyMCUyMCUzQ3RkJTNFNTMwJTJDMDAwJTNDJTJGdGQlM0UlMEElMjAlMjAlMjAlMjAlM0MlMkZ0ciUzRSUwQSUyMCUyMCUyMCUyMCUzQ3RyJTNFJTBBJTIwJTIwJTIwJTIwJTIwJTIwJTIwJTIwJTNDdGQlM0VMb25nJTIwSCVDNiVCMCVDNiVBMW5nJTJDJTIwTG9uZyUyMCVDNCU5MGklRTElQkIlODFuJTJDJTIwU3UlRTElQkIlOTFpJTIwTmdoJUUxJUJCJTg3JTIwJTNDJTJGdGQlM0UlMEElMjAlMjAlMjAlMjAlMjAlMjAlMjAlMjAlM0N0ZCUzRTcwJTNDJTJGdGQlM0UlMEElMjAlMjAlMjAlMjAlMjAlMjAlMjAlMjAlM0N0ZCUzRTYxMCUyQzAwMCUzQyUyRnRkJTNFJTBBJTIwJTIwJTIwJTIwJTNDJTJGdHIlM0UlMEElMjAlMjAlMjAlMjAlM0N0ciUzRSUwQSUyMCUyMCUyMCUyMCUyMCUyMCUyMCUyMCUzQ3RkJTNFTG9uZyUyMCVDNCU5MCVFMSVCQSVBNXQlMkMlMjAlQzQlOTAlRTElQkElQTV0JTIwJUM0JTkwJUUxJUJCJThGJTNDJTJGdGQlM0UlMEElMjAlMjAlMjAlMjAlMjAlMjAlMjAlMjAlM0N0ZCUzRTgwJTNDJTJGdGQlM0UlMEElMjAlMjAlMjAlMjAlMjAlMjAlMjAlMjAlM0N0ZCUzRTcyMCUyQzAwMCUzQyUyRnRkJTNFJTBBJTIwJTIwJTIwJTIwJTNDJTJGdHIlM0UlMEElMjAlMjAlMjAlMjAlM0N0ciUzRSUwQSUyMCUyMCUyMCUyMCUyMCUyMCUyMCUyMCUzQ3RkJTNFQ2glQzMlQTJ1JTIwUGhhJTNDJTJGdGQlM0UlMEElMjAlMjAlMjAlMjAlMjAlMjAlMjAlMjAlM0N0ZCUzRTkwJTNDJTJGdGQlM0UlMEElMjAlMjAlMjAlMjAlMjAlMjAlMjAlMjAlM0N0ZCUzRTgyMCUyQzAwMCUzQyUyRnRkJTNFJTBBJTIwJTIwJTIwJTIwJTNDJTJGdHIlM0UlMEElMjAlMjAlMjAlMjAlM0N0ciUzRSUwQSUyMCUyMCUyMCUyMCUyMCUyMCUyMCUyMCUzQ3RkJTNFUGglQzMlQkElMjBNJUUxJUJCJUI5JTJDJTIwTCVFMSVCQiU5OWMlMjBBbiUyQyUyME4lQzMlQkFpJTIwJUM0JTkwJUUxJUJBJUE1dCUzQyUyRnRkJTNFJTBBJTIwJTIwJTIwJTIwJTIwJTIwJTIwJTIwJTNDdGQlM0UxMDAlM0MlMkZ0ZCUzRSUwQSUyMCUyMCUyMCUyMCUyMCUyMCUyMCUyMCUzQ3RkJTNFOTEwJTJDMDAwJTNDJTJGdGQlM0UlMEElMjAlMjAlMjAlMjAlM0MlMkZ0ciUzRSUwQSUyMCUyMCUyMCUyMCUzQ3RyJTNFJTBBJTIwJTIwJTIwJTIwJTIwJTIwJTIwJTIwJTNDdGQlM0VUJUMzJUEybiUyMFRoJUMzJUEwbmglMkMlMjBDaCVDMyVBMnUlMjAlQzQlOTAlRTElQkIlQTljJTJDJTIwSCVFMSVCQiU5MyUyMFRyJUMzJUEwbSUyMCUzQyUyRnRkJTNFJTBBJTIwJTIwJTIwJTIwJTIwJTIwJTIwJTIwJTNDdGQlM0UxMTAlM0MlMkZ0ZCUzRSUwQSUyMCUyMCUyMCUyMCUyMCUyMCUyMCUyMCUzQ3RkJTNFOTQwJTJDMDAwJTNDJTJGdGQlM0UlMEElMjAlMjAlMjAlMjAlM0MlMkZ0ciUzRSUwQSUyMCUyMCUyMCUyMCUzQ3RyJTNFJTBBJTIwJTIwJTIwJTIwJTIwJTIwJTIwJTIwJTNDdGQlM0VUaCVFMSVCQiU4QiUyMFYlRTElQkElQTNpJTJDJTIwQiVDMyVBMCUyMFQlQzMlQjQlMkMlMjBNJUUxJUJCJUI5JTIwWHUlQzMlQTJuJTNDJTJGdGQlM0UlMEElMjAlMjAlMjAlMjAlMjAlMjAlMjAlMjAlM0N0ZCUzRTEyMCUzQyUyRnRkJTNFJTBBJTIwJTIwJTIwJTIwJTIwJTIwJTIwJTIwJTNDdGQlM0UxJTJDMDIwJTJDMDAwJTNDJTJGdGQlM0UlMEElMjAlMjAlMjAlMjAlM0MlMkZ0ciUzRSUwQSUyMCUyMCUyMCUyMCUzQ3RyJTNFJTBBJTIwJTIwJTIwJTIwJTIwJTIwJTIwJTIwJTNDdGQlM0VWZWRhbiUyQyUyMFh1eSVDMyVBQW4lMjBNJUUxJUJCJTk5YyUzQyUyRnRkJTNFJTBBJTIwJTIwJTIwJTIwJTIwJTIwJTIwJTIwJTNDdGQlM0UxMzAlM0MlMkZ0ZCUzRSUwQSUyMCUyMCUyMCUyMCUyMCUyMCUyMCUyMCUzQ3RkJTNFMSUyQzEwMCUyQzAwMCUzQyUyRnRkJTNFJTBBJTIwJTIwJTIwJTIwJTNDJTJGdHIlM0UlMEElMjAlMjAlMjAlMjAlM0N0ciUzRSUwQSUyMCUyMCUyMCUyMCUyMCUyMCUyMCUyMCUzQ3RkJTNFSCVFMSVCQiU5MyUyMEMlRTElQkIlOTFjJTJDJTIwSCVFMSVCQiU5MyUyMFRyJUMzJUEwbSUyMENhc2lubyUyMCUzQyUyRnRkJTNFJTBBJTIwJTIwJTIwJTIwJTIwJTIwJTIwJTIwJTNDdGQlM0UxNDAlM0MlMkZ0ZCUzRSUwQSUyMCUyMCUyMCUyMCUyMCUyMCUyMCUyMCUzQ3RkJTNFMSUyQzIwMCUyQzAwMCUzQyUyRnRkJTNFJTBBJTIwJTIwJTIwJTIwJTNDJTJGdHIlM0UlMEElMjAlMjAlMjAlMjAlM0N0ciUzRSUwQSUyMCUyMCUyMCUyMCUyMCUyMCUyMCUyMCUzQ3RkJTNFTmglQzYlQTFuJTIwVHIlRTElQkElQTFjaCUyMCUzQyUyRnRkJTNFJTBBJTIwJTIwJTIwJTIwJTIwJTIwJTIwJTIwJTNDdGQlM0UxNTAlM0MlMkZ0ZCUzRSUwQSUyMCUyMCUyMCUyMCUyMCUyMCUyMCUyMCUzQ3RkJTNFMSUyQzI4MCUyQzAwMCUzQyUyRnRkJTNFJTBBJTIwJTIwJTIwJTIwJTNDJTJGdHIlM0UlMEElMjAlMjAlMjAlMjAlM0N0ciUzRSUwQSUyMCUyMCUyMCUyMCUyMCUyMCUyMCUyMCUzQ3RkJTNFQiVDMyVBQ25oJTIwQ2glQzMlQTJ1JTJDJTIwTG9uZyUyMEtoJUMzJUExbmglMkMlMjBMb25nJTIwVGglQzMlQTBuaCUzQyUyRnRkJTNFJTBBJTIwJTIwJTIwJTIwJTIwJTIwJTIwJTIwJTNDdGQlM0UxNjAlM0MlMkZ0ZCUzRSUwQSUyMCUyMCUyMCUyMCUyMCUyMCUyMCUyMCUzQ3RkJTNFMSUyQzM2MCUyQzAwMCUzQyUyRnRkJTNFJTBBJTIwJTIwJTIwJTIwJTNDJTJGdHIlM0UlMEElMjAlMjAlMjAlMjAlM0N0ciUzRSUwQSUyMCUyMCUyMCUyMCUyMCUyMCUyMCUyMCUzQ3RkJTNFRCVFMSVCQSVBN3UlMjBHaSVDMyVBMnklM0MlMkZ0ZCUzRSUwQSUyMCUyMCUyMCUyMCUyMCUyMCUyMCUyMCUzQ3RkJTNFMTcwJTNDJTJGdGQlM0UlMEElMjAlMjAlMjAlMjAlMjAlMjAlMjAlMjAlM0N0ZCUzRTElMkM0NTAlMkMwMDAlM0MlMkZ0ZCUzRSUwQSUyMCUyMCUyMCUyMCUzQyUyRnRyJTNFJTBBJTIwJTIwJTIwJTIwJTNDdHIlM0UlMEElMjAlMjAlMjAlMjAlMjAlMjAlMjAlMjAlM0N0ZCUzRUtDTiUyMEFtYXRhJTNDJTJGdGQlM0UlMEElMjAlMjAlMjAlMjAlMjAlMjAlMjAlMjAlM0N0ZCUzRTE5MCUzQyUyRnRkJTNFJTBBJTIwJTIwJTIwJTIwJTIwJTIwJTIwJTIwJTNDdGQlM0UxJTJDNjIwJTJDMDAwJTNDJTJGdGQlM0UlMEElMjAlMjAlMjAlMjAlM0MlMkZ0ciUzRSUwQSUyMCUyMCUyMCUyMCUzQ3RyJTNFJTBBJTIwJTIwJTIwJTIwJTIwJTIwJTIwJTIwJTNDdGQlM0VCaSVDMyVBQW4lMjBIJUMzJUIyYSUyQyUyMExhJTIwR2klM0MlMkZ0ZCUzRSUwQSUyMCUyMCUyMCUyMCUyMCUyMCUyMCUyMCUzQ3RkJTNFMjAwJTNDJTJGdGQlM0UlMEElMjAlMjAlMjAlMjAlMjAlMjAlMjAlMjAlM0N0ZCUzRTElMkM3MDAlMkMwMDAlM0MlMkZ0ZCUzRSUwQSUyMCUyMCUyMCUyMCUzQyUyRnRyJTNFJTBBJTIwJTIwJTIwJTIwJTNDdHIlM0UlMEElMjAlMjAlMjAlMjAlMjAlMjAlMjAlMjAlM0N0ZCUzRVMlQzMlQTBpJTIwRyVDMyVCMm4lMjAlMjhDLmwlQzYlQjAlRTElQkIlQTNjJTI5JTNDJTJGdGQlM0UlMEElMjAlMjAlMjAlMjAlMjAlMjAlMjAlMjAlM0N0ZCUzRTIyMCUzQyUyRnRkJTNFJTBBJTIwJTIwJTIwJTIwJTIwJTIwJTIwJTIwJTNDdGQlM0UxJTJDNjMwJTJDMDAwJTNDJTJGdGQlM0UlMEElMjAlMjAlMjAlMjAlM0MlMkZ0ciUzRSUwQSUyMCUyMCUyMCUyMCUzQ3RyJTNFJTBBJTIwJTIwJTIwJTIwJTIwJTIwJTIwJTIwJTNDdGQlM0VCJUMzJUFDbmglMjBEJUM2JUIwJUM2JUExbmclM0MlMkZ0ZCUzRSUwQSUyMCUyMCUyMCUyMCUyMCUyMCUyMCUyMCUzQ3RkJTNFMjQwJTNDJTJGdGQlM0UlMEElMjAlMjAlMjAlMjAlMjAlMjAlMjAlMjAlM0N0ZCUzRTElMkM5MTAlMkMwMDAlM0MlMkZ0ZCUzRSUwQSUyMCUyMCUyMCUyMCUzQyUyRnRyJTNFJTBBJTIwJTIwJTIwJTIwJTNDdHIlM0UlMEElMjAlMjAlMjAlMjAlMjAlMjAlMjAlMjAlM0N0ZCUzRUMlRTElQkIlQTclMjBDaGklM0MlMkZ0ZCUzRSUwQSUyMCUyMCUyMCUyMCUyMCUyMCUyMCUyMCUzQ3RkJTNFMjYwJTNDJTJGdGQlM0UlMEElMjAlMjAlMjAlMjAlMjAlMjAlMjAlMjAlM0N0ZCUzRTIlMkMwODAlMkMwMDAlM0MlMkZ0ZCUzRSUwQSUyMCUyMCUyMCUyMCUzQyUyRnRyJTNFJTBBJTIwJTIwJTIwJTIwJTNDdHIlM0UlMEElMjAlMjAlMjAlMjAlMjAlMjAlMjAlMjAlM0N0ZCUzRSVDNCU5MCVFMSVCQiU4Qm5oJTIwUXUlQzMlQTFuJTNDJTJGdGQlM0UlMEElMjAlMjAlMjAlMjAlMjAlMjAlMjAlMjAlM0N0ZCUzRTI4MCUzQyUyRnRkJTNFJTBBJTIwJTIwJTIwJTIwJTIwJTIwJTIwJTIwJTNDdGQlM0UyJTJDMjMwJTJDMDAwJTNDJTJGdGQlM0UlMEElMjAlMjAlMjAlMjAlM0MlMkZ0ciUzRSUwQSUyMCUyMCUyMCUyMCUzQ3RyJTNFJTBBJTIwJTIwJTIwJTIwJTIwJTIwJTIwJTIwJTNDdGQlM0UlQzQlOTAlRTElQkIlQTljJTIwSCVDMyVCMmElM0MlMkZ0ZCUzRSUwQSUyMCUyMCUyMCUyMCUyMCUyMCUyMCUyMCUzQ3RkJTNFMzEwJTNDJTJGdGQlM0UlMEElMjAlMjAlMjAlMjAlMjAlMjAlMjAlMjAlM0N0ZCUzRTIlMkMyOTAlMkMwMDAlM0MlMkZ0ZCUzRSUwQSUyMCUyMCUyMCUyMCUzQyUyRnRyJTNFJTBBJTIwJTIwJTIwJTIwJTNDdHIlM0UlMEElMjAlMjAlMjAlMjAlMjAlMjAlMjAlMjAlM0N0ZCUzRUIlRTElQkElQkZuJTIwTCVFMSVCQiVBOWMlMjAlM0MlMkZ0ZCUzRSUwQSUyMCUyMCUyMCUyMCUyMCUyMCUyMCUyMCUzQ3RkJTNFMzIwJTNDJTJGdGQlM0UlMEElMjAlMjAlMjAlMjAlMjAlMjAlMjAlMjAlM0N0ZCUzRTIlMkMxNjAlMkMwMDAlM0MlMkZ0ZCUzRSUwQSUyMCUyMCUyMCUyMCUzQyUyRnRyJTNFJTBBJTIwJTIwJTIwJTIwJTNDdHIlM0UlMEElMjAlMjAlMjAlMjAlMjAlMjAlMjAlMjAlM0N0ZCUzRUxvbmclMjBBbiUyQyUyMEMlRTElQkElQTduJTIwR2klRTElQkIlOUQlM0MlMkZ0ZCUzRSUwQSUyMCUyMCUyMCUyMCUyMCUyMCUyMCUyMCUzQ3RkJTNFMzQwJTNDJTJGdGQlM0UlMEElMjAlMjAlMjAlMjAlMjAlMjAlMjAlMjAlM0N0ZCUzRTIlMkMzMDAlMkMwMDAlM0MlMkZ0ZCUzRSUwQSUyMCUyMCUyMCUyMCUzQyUyRnRyJTNFJTBBJTIwJTIwJTIwJTIwJTNDdHIlM0UlMEElMjAlMjAlMjAlMjAlMjAlMjAlMjAlMjAlM0N0ZCUzRVBoYW4lMjBUaGklRTElQkElQkZ0JTNDJTJGdGQlM0UlMEElMjAlMjAlMjAlMjAlMjAlMjAlMjAlMjAlM0N0ZCUzRTM1MCUzQyUyRnRkJTNFJTBBJTIwJTIwJTIwJTIwJTIwJTIwJTIwJTIwJTNDdGQlM0UyJTJDNTkwJTJDMDAwJTNDJTJGdGQlM0UlMEElMjAlMjAlMjAlMjAlM0MlMkZ0ciUzRSUwQSUyMCUyMCUyMCUyMCUzQ3RyJTNFJTBBJTIwJTIwJTIwJTIwJTIwJTIwJTIwJTIwJTNDdGQlM0VCJUMzJUFDbmglMjBUaHUlRTElQkElQURuJTNDJTJGdGQlM0UlMEElMjAlMjAlMjAlMjAlMjAlMjAlMjAlMjAlM0N0ZCUzRTM2MCUzQyUyRnRkJTNFJTBBJTIwJTIwJTIwJTIwJTIwJTIwJTIwJTIwJTNDdGQlM0UyJTJDNjcwJTJDMDAwJTNDJTJGdGQlM0UlMEElMjAlMjAlMjAlMjAlM0MlMkZ0ciUzRSUwQSUyMCUyMCUyMCUyMCUzQ3RyJTNFJTBBJTIwJTIwJTIwJTIwJTIwJTIwJTIwJTIwJTNDdGQlM0VUaSVFMSVCQiU4MW4lMjBHaWFuZyUzQyUyRnRkJTNFJTBBJTIwJTIwJTIwJTIwJTIwJTIwJTIwJTIwJTNDdGQlM0U0MDAlM0MlMkZ0ZCUzRSUwQSUyMCUyMCUyMCUyMCUyMCUyMCUyMCUyMCUzQ3RkJTNFMiUyQzc1MCUyQzAwMCUzQyUyRnRkJTNFJTBBJTIwJTIwJTIwJTIwJTNDJTJGdHIlM0UlMEElMjAlMjAlMjAlMjAlM0N0ciUzRSUwQSUyMCUyMCUyMCUyMCUyMCUyMCUyMCUyMCUzQ3RkJTNFRyVDMyVCMiUyMEMlQzMlQjRuZyUyQyUyME0lQzUlQTlpJTIwTiVDMyVBOSUzQyUyRnRkJTNFJTBBJTIwJTIwJTIwJTIwJTIwJTIwJTIwJTIwJTNDdGQlM0U0MjAlM0MlMkZ0ZCUzRSUwQSUyMCUyMCUyMCUyMCUyMCUyMCUyMCUyMCUzQ3RkJTNFMiUyQzg5MCUyQzAwMCUzQyUyRnRkJTNFJTBBJTIwJTIwJTIwJTIwJTNDJTJGdHIlM0UlMEElMjAlMjAlMjAlMjAlM0N0ciUzRSUwQSUyMCUyMCUyMCUyMCUyMCUyMCUyMCUyMCUzQ3RkJTNFTSVFMSVCQiVCOSUyMFRobyUzQyUyRnRkJTNFJTBBJTIwJTIwJTIwJTIwJTIwJTIwJTIwJTIwJTNDdGQlM0U0MzAlM0MlMkZ0ZCUzRSUwQSUyMCUyMCUyMCUyMCUyMCUyMCUyMCUyMCUzQ3RkJTNFMiUyQzk2MCUyQzAwMCUzQyUyRnRkJTNFJTBBJTIwJTIwJTIwJTIwJTNDJTJGdHIlM0UlMEElMjAlMjAlMjAlMjAlM0N0ciUzRSUwQSUyMCUyMCUyMCUyMCUyMCUyMCUyMCUyMCUzQ3RkJTNFVCVDMyVBMnklMjBOaW5oJTNDJTJGdGQlM0UlMEElMjAlMjAlMjAlMjAlMjAlMjAlMjAlMjAlM0N0ZCUzRTQ1MCUzQyUyRnRkJTNFJTBBJTIwJTIwJTIwJTIwJTIwJTIwJTIwJTIwJTNDdGQlM0UzJTJDMTAwJTJDMDAwJTNDJTJGdGQlM0UlMEElMjAlMjAlMjAlMjAlM0MlMkZ0ciUzRSUwQSUyMCUyMCUyMCUyMCUzQ3RyJTNFJTBBJTIwJTIwJTIwJTIwJTIwJTIwJTIwJTIwJTNDdGQlM0VCJUMzJUFDbmglMjBQaCVDNiVCMCVFMSVCQiU5QmMlM0MlMkZ0ZCUzRSUwQSUyMCUyMCUyMCUyMCUyMCUyMCUyMCUyMCUzQ3RkJTNFNDcwJTNDJTJGdGQlM0UlMEElMjAlMjAlMjAlMjAlMjAlMjAlMjAlMjAlM0N0ZCUzRTMlMkMyMzAlMkMwMDAlM0MlMkZ0ZCUzRSUwQSUyMCUyMCUyMCUyMCUzQyUyRnRyJTNFJTBBJTIwJTIwJTIwJTIwJTNDdHIlM0UlMEElMjAlMjAlMjAlMjAlMjAlMjAlMjAlMjAlM0N0ZCUzRUIlRTElQkElQkZuJTIwVHJlJTNDJTJGdGQlM0UlMEElMjAlMjAlMjAlMjAlMjAlMjAlMjAlMjAlM0N0ZCUzRTUxMCUzQyUyRnRkJTNFJTBBJTIwJTIwJTIwJTIwJTIwJTIwJTIwJTIwJTNDdGQlM0UzJTJDNTAwJTJDMDAwJTNDJTJGdGQlM0UlMEElMjAlMjAlMjAlMjAlM0MlMkZ0ciUzRSUwQSUyMCUyMCUyMCUyMCUzQ3RyJTNFJTBBJTIwJTIwJTIwJTIwJTIwJTIwJTIwJTIwJTNDdGQlM0VWJUM0JUE5bmglMjBMb25nJTIwJTNDJTJGdGQlM0UlMEElMjAlMjAlMjAlMjAlMjAlMjAlMjAlMjAlM0N0ZCUzRTUyMCUzQyUyRnRkJTNFJTBBJTIwJTIwJTIwJTIwJTIwJTIwJTIwJTIwJTNDdGQlM0UzJTJDNTcwJTJDMDAwJTNDJTJGdGQlM0UlMEElMjAlMjAlMjAlMjAlM0MlMkZ0ciUzRSUwQSUyMCUyMCUyMCUyMCUzQ3RyJTNFJTBBJTIwJTIwJTIwJTIwJTIwJTIwJTIwJTIwJTNDdGQlM0VCJUUxJUJBJUEzbyUyMEwlRTElQkIlOTljJTNDJTJGdGQlM0UlMEElMjAlMjAlMjAlMjAlMjAlMjAlMjAlMjAlM0N0ZCUzRTU1MCUzQyUyRnRkJTNFJTBBJTIwJTIwJTIwJTIwJTIwJTIwJTIwJTIwJTNDdGQlM0UzJTJDNzgwJTJDMDAwJTNDJTJGdGQlM0UlMEElMjAlMjAlMjAlMjAlM0MlMkZ0ciUzRSUwQSUyMCUyMCUyMCUyMCUzQ3RyJTNFJTBBJTIwJTIwJTIwJTIwJTIwJTIwJTIwJTIwJTNDdGQlM0VDJUUxJUJBJUE3biUyMFRoJUM2JUExJTJDJTIwJUM0JTkwJUUxJUJCJTkzbmclMjBUaCVDMyVBMXAlMjAlM0MlMkZ0ZCUzRSUwQSUyMCUyMCUyMCUyMCUyMCUyMCUyMCUyMCUzQ3RkJTNFNTkwJTNDJTJGdGQlM0UlMEElMjAlMjAlMjAlMjAlMjAlMjAlMjAlMjAlM0N0ZCUzRTQlMkMwNjAlMkMwMDAlM0MlMkZ0ZCUzRSUwQSUyMCUyMCUyMCUyMCUzQyUyRnRyJTNFJTBBJTIwJTIwJTIwJTIwJTNDdHIlM0UlMEElMjAlMjAlMjAlMjAlMjAlMjAlMjAlMjAlM0N0ZCUzRVNhJTIwJUM0JTkwJUMzJUE5YyUyQyUyMFYlQzQlQTluaCUyMExpJUMzJUFBbSUzQyUyRnRkJTNFJTBBJTIwJTIwJTIwJTIwJTIwJTIwJTIwJTIwJTNDdGQlM0U2MDAlM0MlMkZ0ZCUzRSUwQSUyMCUyMCUyMCUyMCUyMCUyMCUyMCUyMCUzQ3RkJTNFNCUyQzEyMCUyQzAwMCUzQyUyRnRkJTNFJTBBJTIwJTIwJTIwJTIwJTNDJTJGdHIlM0UlMEElMjAlMjAlMjAlMjAlM0N0ciUzRSUwQSUyMCUyMCUyMCUyMCUyMCUyMCUyMCUyMCUzQ3RkJTNFTG9uZyUyMFh1eSVDMyVBQW4lMjAlM0MlMkZ0ZCUzRSUwQSUyMCUyMCUyMCUyMCUyMCUyMCUyMCUyMCUzQ3RkJTNFNjIwJTNDJTJGdGQlM0UlMEElMjAlMjAlMjAlMjAlMjAlMjAlMjAlMjAlM0N0ZCUzRTQlMkMyNjAlMkMwMDAlM0MlMkZ0ZCUzRSUwQSUyMCUyMCUyMCUyMCUzQyUyRnRyJTNFJTBBJTIwJTIwJTIwJTIwJTNDdHIlM0UlMEElMjAlMjAlMjAlMjAlMjAlMjAlMjAlMjAlM0N0ZCUzRVMlQzMlQjNjJTIwVHIlQzQlODNuZyUyQ0NoJUMzJUEydSUyMCVDNCU5MCVFMSVCQiU5MWMlMkMlMjBBbiUyMEdpYW5nJTIwJTNDJTJGdGQlM0UlMEElMjAlMjAlMjAlMjAlMjAlMjAlMjAlMjAlM0N0ZCUzRTY0MCUzQyUyRnRkJTNFJTBBJTIwJTIwJTIwJTIwJTIwJTIwJTIwJTIwJTNDdGQlM0U0JTJDNDAwJTJDMDAwJTNDJTJGdGQlM0UlMEElMjAlMjAlMjAlMjAlM0MlMkZ0ciUzRSUwQSUyMCUyMCUyMCUyMCUzQ3RyJTNFJTBBJTIwJTIwJTIwJTIwJTIwJTIwJTIwJTIwJTNDdGQlM0VUciVDMyVBMCUyMFZpbmglMkMlMjAlQzQlOTAlQzMlQTAlMjBMJUUxJUJBJUExdCUyMCUzQyUyRnRkJTNFJTBBJTIwJTIwJTIwJTIwJTIwJTIwJTIwJTIwJTNDdGQlM0U2NjAlM0MlMkZ0ZCUzRSUwQSUyMCUyMCUyMCUyMCUyMCUyMCUyMCUyMCUzQ3RkJTNFNCUyQzU0MCUyQzAwMCUzQyUyRnRkJTNFJTBBJTIwJTIwJTIwJTIwJTNDJTJGdHIlM0UlMEElMjAlMjAlMjAlMjAlM0N0ciUzRSUwQSUyMCUyMCUyMCUyMCUyMCUyMCUyMCUyMCUzQ3RkJTNFUiVFMSVCQSVBMWNoJTIwUyVFMSVCQiU4RmklMkMlMjBSJUUxJUJBJUExY2glMjBHaSVDMyVBMSUyMCUzQyUyRnRkJTNFJTBBJTIwJTIwJTIwJTIwJTIwJTIwJTIwJTIwJTNDdGQlM0U3NTAlM0MlMkZ0ZCUzRSUwQSUyMCUyMCUyMCUyMCUyMCUyMCUyMCUyMCUzQ3RkJTNFNSUyQzE2MCUyQzAwMCUzQyUyRnRkJTNFJTBBJTIwJTIwJTIwJTIwJTNDJTJGdHIlM0UlMEElMjAlMjAlMjAlMjAlM0N0ciUzRSUwQSUyMCUyMCUyMCUyMCUyMCUyMCUyMCUyMCUzQ3RkJTNFTmluaCUyMFRodSVFMSVCQSVBRG4lM0MlMkZ0ZCUzRSUwQSUyMCUyMCUyMCUyMCUyMCUyMCUyMCUyMCUzQ3RkJTNFODAwJTNDJTJGdGQlM0UlMEElMjAlMjAlMjAlMjAlMjAlMjAlMjAlMjAlM0N0ZCUzRTUlMkM1MDAlMkMwMDAlM0MlMkZ0ZCUzRSUwQSUyMCUyMCUyMCUyMCUzQyUyRnRyJTNFJTBBJTIwJTIwJTIwJTIwJTNDdHIlM0UlMEElMjAlMjAlMjAlMjAlMjAlMjAlMjAlMjAlM0N0ZCUzRUIlRTElQkElQTFjJTIwTGklQzMlQUF1JTNDJTJGdGQlM0UlMEElMjAlMjAlMjAlMjAlMjAlMjAlMjAlMjAlM0N0ZCUzRTgxMCUzQyUyRnRkJTNFJTBBJTIwJTIwJTIwJTIwJTIwJTIwJTIwJTIwJTNDdGQlM0U1JTJDNTcwJTJDMDAwJTNDJTJGdGQlM0UlMEElMjAlMjAlMjAlMjAlM0MlMkZ0ciUzRSUwQSUyMCUyMCUyMCUyMCUzQ3RyJTNFJTBBJTIwJTIwJTIwJTIwJTIwJTIwJTIwJTIwJTNDdGQlM0VDYW0lMjBSYW5oJTNDJTJGdGQlM0UlMEElMjAlMjAlMjAlMjAlMjAlMjAlMjAlMjAlM0N0ZCUzRTkwMCUzQyUyRnRkJTNFJTBBJTIwJTIwJTIwJTIwJTIwJTIwJTIwJTIwJTNDdGQlM0U2JTJDMTkwJTJDMDAwJTNDJTJGdGQlM0UlMEElMjAlMjAlMjAlMjAlM0MlMkZ0ciUzRSUwQSUyMCUyMCUyMCUyMCUzQ3RyJTNFJTBBJTIwJTIwJTIwJTIwJTIwJTIwJTIwJTIwJTNDdGQlM0VIJUMzJUEwJTIwVGklQzMlQUFuJTIwJTNDJTJGdGQlM0UlMEElMjAlMjAlMjAlMjAlMjAlMjAlMjAlMjAlM0N0ZCUzRTk1MCUzQyUyRnRkJTNFJTBBJTIwJTIwJTIwJTIwJTIwJTIwJTIwJTIwJTNDdGQlM0U2JTJDNTMwJTJDMDAwJTNDJTJGdGQlM0UlMEElMjAlMjAlMjAlMjAlM0MlMkZ0ciUzRSUwQSUyMCUyMCUyMCUyMCUzQ3RyJTNFJTBBJTIwJTIwJTIwJTIwJTIwJTIwJTIwJTIwJTNDdGQlM0VOaGElMjBUcmFuZyUzQyUyRnRkJTNFJTBBJTIwJTIwJTIwJTIwJTIwJTIwJTIwJTIwJTNDdGQlM0UxMDAwJTNDJTJGdGQlM0UlMEElMjAlMjAlMjAlMjAlMjAlMjAlMjAlMjAlM0N0ZCUzRTYlMkM4NzAlMkMwMDAlM0MlMkZ0ZCUzRSUwQSUyMCUyMCUyMCUyMCUzQyUyRnRyJTNFJTBBJTNDJTJGdGFibGUlM0UlMEElMEElM0NzdHlsZSUzRSUwQSUyMCUyMCUyMCUyMHRoJTIwJTdCJTBBJTIwJTIwJTIwJTIwJTIwJTIwJTIwJTIwdGV4dC1hbGlnbiUzQSUyMGNlbnRlciUyMWltcG9ydGFudCUzQiUwQSUyMCUyMCUyMCUyMCUyMCUyMCUyMCUyMHZlcnRpY2FsLWFsaWduJTNBJTIwbWlkZGxlJTNCJTBBJTIwJTIwJTIwJTIwJTIwJTIwJTIwJTIwZm9udC13ZWlnaHQlM0ElMjBib2xkJTNCJTBBJTIwJTIwJTIwJTIwJTdEJTBBJTNDJTJGc3R5bGUlM0U=[\/vc_raw_html]<div class=\"ult-spacer spacer-69e78be83cb1f\" data-id=\"69e78be83cb1f\" data-height=\"50\" data-height-mobile=\"50\" data-height-tab=\"50\" data-height-tab-portrait=\"\" data-height-mobile-landscape=\"\" style=\"clear:both;display:block;\"><\/div>[\/vc_column][\/vc_row]<\/p>\n","protected":false},"excerpt":{"rendered":"<p>[vc_row][vc_column][vc_column_text]L\u01b0u \u00fd: xe 4 ch\u1ed7 gi\u00e1 th\u1ea5p h\u01a1n. \u0110\u1eb7c bi\u1ec7t: \u01afu ti\u00ean cho kh\u00e1ch h\u00e0ng l\u00e0 kh\u00e1ch m\u1edbi v\u00e0 kh\u00e1ch m\u1ed1i c\u1ee7a doanh nghi\u1ec7p, gi\u1ea3m 3-5% cho h\u1ee3p \u0111\u1ed3ng \u0111i t\u1ec9nh th\u00e0nh ph\u1ed1 kh\u00e1c. Tuy\u1ebfn \u0111\u01b0\u1eddng \u01afu \u0111\u00e3i \u0111\u1eb7c bi\u1ec7t: V\u0169ng T\u00e0u &#8211; B\u00e0 R\u1ecba: Chi\u1ec1u \u0111i 320.000 vn\u0111 kh\u1ed1ng ch\u1ebf 25km, 2 chi\u1ec1u 450.000 [&hellip;]<\/p>\n","protected":false},"author":1,"featured_media":0,"parent":0,"menu_order":0,"comment_status":"closed","ping_status":"closed","template":"page.php","meta":{"footnotes":""},"class_list":["post-3247","page","type-page","status-publish","hentry"],"yoast_head":"<!-- This site is optimized with the Yoast SEO plugin v25.7 - https:\/\/yoast.com\/wordpress\/plugins\/seo\/ -->\n<title>B\u1ea3ng gi\u00e1 - Doanh nghi\u1ec7p V\u1eadn T\u1ea3i S\u01a1n H\u00f9ng<\/title>\n<meta name=\"robots\" content=\"index, follow, max-snippet:-1, max-image-preview:large, max-video-preview:-1\" \/>\n<link rel=\"canonical\" href=\"https:\/\/doanhnghiepsonhung.vn\/index.php\/bang-gia\/\" \/>\n<meta property=\"og:locale\" content=\"en_US\" \/>\n<meta property=\"og:type\" content=\"article\" \/>\n<meta property=\"og:title\" content=\"B\u1ea3ng gi\u00e1 - Doanh nghi\u1ec7p V\u1eadn T\u1ea3i S\u01a1n H\u00f9ng\" \/>\n<meta property=\"og:description\" content=\"[vc_row][vc_column][vc_column_text]L\u01b0u \u00fd: xe 4 ch\u1ed7 gi\u00e1 th\u1ea5p h\u01a1n. \u0110\u1eb7c bi\u1ec7t: \u01afu ti\u00ean cho kh\u00e1ch h\u00e0ng l\u00e0 kh\u00e1ch m\u1edbi v\u00e0 kh\u00e1ch m\u1ed1i c\u1ee7a doanh nghi\u1ec7p, gi\u1ea3m 3-5% cho h\u1ee3p \u0111\u1ed3ng \u0111i t\u1ec9nh th\u00e0nh ph\u1ed1 kh\u00e1c. Tuy\u1ebfn \u0111\u01b0\u1eddng \u01afu \u0111\u00e3i \u0111\u1eb7c bi\u1ec7t: V\u0169ng T\u00e0u &#8211; B\u00e0 R\u1ecba: Chi\u1ec1u \u0111i 320.000 vn\u0111 kh\u1ed1ng ch\u1ebf 25km, 2 chi\u1ec1u 450.000 [&hellip;]\" \/>\n<meta property=\"og:url\" content=\"https:\/\/doanhnghiepsonhung.vn\/index.php\/bang-gia\/\" \/>\n<meta property=\"og:site_name\" content=\"Doanh nghi\u1ec7p V\u1eadn T\u1ea3i S\u01a1n H\u00f9ng\" \/>\n<meta property=\"article:modified_time\" content=\"2024-08-19T03:12:05+00:00\" \/>\n<meta name=\"twitter:card\" content=\"summary_large_image\" \/>\n<meta name=\"twitter:label1\" content=\"Est. reading time\" \/>\n\t<meta name=\"twitter:data1\" content=\"1 minute\" \/>\n<script type=\"application\/ld+json\" class=\"yoast-schema-graph\">{\"@context\":\"https:\/\/schema.org\",\"@graph\":[{\"@type\":\"WebPage\",\"@id\":\"https:\/\/doanhnghiepsonhung.vn\/index.php\/bang-gia\/\",\"url\":\"https:\/\/doanhnghiepsonhung.vn\/index.php\/bang-gia\/\",\"name\":\"B\u1ea3ng gi\u00e1 - Doanh nghi\u1ec7p V\u1eadn T\u1ea3i S\u01a1n H\u00f9ng\",\"isPartOf\":{\"@id\":\"https:\/\/doanhnghiepsonhung.vn\/#website\"},\"datePublished\":\"2022-10-24T08:38:03+00:00\",\"dateModified\":\"2024-08-19T03:12:05+00:00\",\"breadcrumb\":{\"@id\":\"https:\/\/doanhnghiepsonhung.vn\/index.php\/bang-gia\/#breadcrumb\"},\"inLanguage\":\"en-US\",\"potentialAction\":[{\"@type\":\"ReadAction\",\"target\":[\"https:\/\/doanhnghiepsonhung.vn\/index.php\/bang-gia\/\"]}]},{\"@type\":\"BreadcrumbList\",\"@id\":\"https:\/\/doanhnghiepsonhung.vn\/index.php\/bang-gia\/#breadcrumb\",\"itemListElement\":[{\"@type\":\"ListItem\",\"position\":1,\"name\":\"Home\",\"item\":\"https:\/\/doanhnghiepsonhung.vn\/\"},{\"@type\":\"ListItem\",\"position\":2,\"name\":\"B\u1ea3ng gi\u00e1\"}]},{\"@type\":\"WebSite\",\"@id\":\"https:\/\/doanhnghiepsonhung.vn\/#website\",\"url\":\"https:\/\/doanhnghiepsonhung.vn\/\",\"name\":\"Doanh nghi\u1ec7p V\u1eadn T\u1ea3i S\u01a1n H\u00f9ng\",\"description\":\"Chuy\u1ebfn V\u0169ng T\u00e0u - S\u00e0i G\u00f2n ch\u1ec9 850k - d\u1ecbch v\u1ee5 h\u1ee3p \u0111\u1ed3ng xe \u0111i c\u00e1c t\u1ec9nh \",\"publisher\":{\"@id\":\"https:\/\/doanhnghiepsonhung.vn\/#organization\"},\"potentialAction\":[{\"@type\":\"SearchAction\",\"target\":{\"@type\":\"EntryPoint\",\"urlTemplate\":\"https:\/\/doanhnghiepsonhung.vn\/?s={search_term_string}\"},\"query-input\":{\"@type\":\"PropertyValueSpecification\",\"valueRequired\":true,\"valueName\":\"search_term_string\"}}],\"inLanguage\":\"en-US\"},{\"@type\":\"Organization\",\"@id\":\"https:\/\/doanhnghiepsonhung.vn\/#organization\",\"name\":\"Doanh nghi\u1ec7p V\u1eadn T\u1ea3i S\u01a1n H\u00f9ng\",\"url\":\"https:\/\/doanhnghiepsonhung.vn\/\",\"logo\":{\"@type\":\"ImageObject\",\"inLanguage\":\"en-US\",\"@id\":\"https:\/\/doanhnghiepsonhung.vn\/#\/schema\/logo\/image\/\",\"url\":\"https:\/\/doanhnghiepsonhung.vn\/wp-content\/uploads\/2024\/07\/Asset-11.png\",\"contentUrl\":\"https:\/\/doanhnghiepsonhung.vn\/wp-content\/uploads\/2024\/07\/Asset-11.png\",\"width\":233,\"height\":120,\"caption\":\"Doanh nghi\u1ec7p V\u1eadn T\u1ea3i S\u01a1n H\u00f9ng\"},\"image\":{\"@id\":\"https:\/\/doanhnghiepsonhung.vn\/#\/schema\/logo\/image\/\"}}]}<\/script>\n<!-- \/ Yoast SEO plugin. -->","yoast_head_json":{"title":"B\u1ea3ng gi\u00e1 - Doanh nghi\u1ec7p V\u1eadn T\u1ea3i S\u01a1n H\u00f9ng","robots":{"index":"index","follow":"follow","max-snippet":"max-snippet:-1","max-image-preview":"max-image-preview:large","max-video-preview":"max-video-preview:-1"},"canonical":"https:\/\/doanhnghiepsonhung.vn\/index.php\/bang-gia\/","og_locale":"en_US","og_type":"article","og_title":"B\u1ea3ng gi\u00e1 - Doanh nghi\u1ec7p V\u1eadn T\u1ea3i S\u01a1n H\u00f9ng","og_description":"[vc_row][vc_column][vc_column_text]L\u01b0u \u00fd: xe 4 ch\u1ed7 gi\u00e1 th\u1ea5p h\u01a1n. \u0110\u1eb7c bi\u1ec7t: \u01afu ti\u00ean cho kh\u00e1ch h\u00e0ng l\u00e0 kh\u00e1ch m\u1edbi v\u00e0 kh\u00e1ch m\u1ed1i c\u1ee7a doanh nghi\u1ec7p, gi\u1ea3m 3-5% cho h\u1ee3p \u0111\u1ed3ng \u0111i t\u1ec9nh th\u00e0nh ph\u1ed1 kh\u00e1c. Tuy\u1ebfn \u0111\u01b0\u1eddng \u01afu \u0111\u00e3i \u0111\u1eb7c bi\u1ec7t: V\u0169ng T\u00e0u &#8211; B\u00e0 R\u1ecba: Chi\u1ec1u \u0111i 320.000 vn\u0111 kh\u1ed1ng ch\u1ebf 25km, 2 chi\u1ec1u 450.000 [&hellip;]","og_url":"https:\/\/doanhnghiepsonhung.vn\/index.php\/bang-gia\/","og_site_name":"Doanh nghi\u1ec7p V\u1eadn T\u1ea3i S\u01a1n H\u00f9ng","article_modified_time":"2024-08-19T03:12:05+00:00","twitter_card":"summary_large_image","twitter_misc":{"Est. reading time":"1 minute"},"schema":{"@context":"https:\/\/schema.org","@graph":[{"@type":"WebPage","@id":"https:\/\/doanhnghiepsonhung.vn\/index.php\/bang-gia\/","url":"https:\/\/doanhnghiepsonhung.vn\/index.php\/bang-gia\/","name":"B\u1ea3ng gi\u00e1 - Doanh nghi\u1ec7p V\u1eadn T\u1ea3i S\u01a1n H\u00f9ng","isPartOf":{"@id":"https:\/\/doanhnghiepsonhung.vn\/#website"},"datePublished":"2022-10-24T08:38:03+00:00","dateModified":"2024-08-19T03:12:05+00:00","breadcrumb":{"@id":"https:\/\/doanhnghiepsonhung.vn\/index.php\/bang-gia\/#breadcrumb"},"inLanguage":"en-US","potentialAction":[{"@type":"ReadAction","target":["https:\/\/doanhnghiepsonhung.vn\/index.php\/bang-gia\/"]}]},{"@type":"BreadcrumbList","@id":"https:\/\/doanhnghiepsonhung.vn\/index.php\/bang-gia\/#breadcrumb","itemListElement":[{"@type":"ListItem","position":1,"name":"Home","item":"https:\/\/doanhnghiepsonhung.vn\/"},{"@type":"ListItem","position":2,"name":"B\u1ea3ng gi\u00e1"}]},{"@type":"WebSite","@id":"https:\/\/doanhnghiepsonhung.vn\/#website","url":"https:\/\/doanhnghiepsonhung.vn\/","name":"Doanh nghi\u1ec7p V\u1eadn T\u1ea3i S\u01a1n H\u00f9ng","description":"Chuy\u1ebfn V\u0169ng T\u00e0u - S\u00e0i G\u00f2n ch\u1ec9 850k - d\u1ecbch v\u1ee5 h\u1ee3p \u0111\u1ed3ng xe \u0111i c\u00e1c t\u1ec9nh ","publisher":{"@id":"https:\/\/doanhnghiepsonhung.vn\/#organization"},"potentialAction":[{"@type":"SearchAction","target":{"@type":"EntryPoint","urlTemplate":"https:\/\/doanhnghiepsonhung.vn\/?s={search_term_string}"},"query-input":{"@type":"PropertyValueSpecification","valueRequired":true,"valueName":"search_term_string"}}],"inLanguage":"en-US"},{"@type":"Organization","@id":"https:\/\/doanhnghiepsonhung.vn\/#organization","name":"Doanh nghi\u1ec7p V\u1eadn T\u1ea3i S\u01a1n H\u00f9ng","url":"https:\/\/doanhnghiepsonhung.vn\/","logo":{"@type":"ImageObject","inLanguage":"en-US","@id":"https:\/\/doanhnghiepsonhung.vn\/#\/schema\/logo\/image\/","url":"https:\/\/doanhnghiepsonhung.vn\/wp-content\/uploads\/2024\/07\/Asset-11.png","contentUrl":"https:\/\/doanhnghiepsonhung.vn\/wp-content\/uploads\/2024\/07\/Asset-11.png","width":233,"height":120,"caption":"Doanh nghi\u1ec7p V\u1eadn T\u1ea3i S\u01a1n H\u00f9ng"},"image":{"@id":"https:\/\/doanhnghiepsonhung.vn\/#\/schema\/logo\/image\/"}}]}},"_links":{"self":[{"href":"https:\/\/doanhnghiepsonhung.vn\/index.php\/wp-json\/wp\/v2\/pages\/3247","targetHints":{"allow":["GET"]}}],"collection":[{"href":"https:\/\/doanhnghiepsonhung.vn\/index.php\/wp-json\/wp\/v2\/pages"}],"about":[{"href":"https:\/\/doanhnghiepsonhung.vn\/index.php\/wp-json\/wp\/v2\/types\/page"}],"author":[{"embeddable":true,"href":"https:\/\/doanhnghiepsonhung.vn\/index.php\/wp-json\/wp\/v2\/users\/1"}],"replies":[{"embeddable":true,"href":"https:\/\/doanhnghiepsonhung.vn\/index.php\/wp-json\/wp\/v2\/comments?post=3247"}],"version-history":[{"count":0,"href":"https:\/\/doanhnghiepsonhung.vn\/index.php\/wp-json\/wp\/v2\/pages\/3247\/revisions"}],"wp:attachment":[{"href":"https:\/\/doanhnghiepsonhung.vn\/index.php\/wp-json\/wp\/v2\/media?parent=3247"}],"curies":[{"name":"wp","href":"https:\/\/api.w.org\/{rel}","templated":true}]}}