{"id":3262,"date":"2022-10-24T08:56:54","date_gmt":"2022-10-24T08:56:54","guid":{"rendered":"https:\/\/doanhnghiepsonhung.vn\/?page_id=3262"},"modified":"2024-07-22T08:12:37","modified_gmt":"2024-07-22T08:12:37","slug":"lien-he","status":"publish","type":"page","link":"https:\/\/doanhnghiepsonhung.vn\/index.php\/lien-he\/","title":{"rendered":"Li\u00ean h\u1ec7"},"content":{"rendered":"<p>[vc_row][vc_column]<div class=\"ult-animation  ult-animate-viewport  ult-no-mobile \" data-animate=\"fadeIn\" data-animation-delay=\"0\" data-animation-duration=\"1\" data-animation-iteration=\"1\" style=\"opacity:0;\" data-opacity_start_effect=\"80\"><div class=\"ult-spacer spacer-69e78e542bd92\" data-id=\"69e78e542bd92\" data-height=\"100\" data-height-mobile=\"40\" data-height-tab=\"\" data-height-tab-portrait=\"\" data-height-mobile-landscape=\"40\" style=\"clear:both;display:block;\"><\/div>[vc_row_inner][vc_column_inner width=&#8221;2\/3&#8243;]<div id=\"ultimate-heading-851569e78e542bdca\" class=\"uvc-heading ult-adjust-bottom-margin ultimate-heading-851569e78e542bdca uvc-9191 \" data-hspacer=\"no_spacer\"  data-halign=\"left\" style=\"text-align:left\"><div class=\"uvc-heading-spacer no_spacer\" style=\"top\"><\/div><div class=\"uvc-main-heading ult-responsive\"  data-ultimate-target='.uvc-heading.ultimate-heading-851569e78e542bdca h3'  data-responsive-json-new='{\"font-size\":\"\",\"line-height\":\"\"}' ><h3 style=\"font-family:&#039;Montserrat&#039;;font-weight:700;color:#27ccc0;\">Form li\u00ean h\u1ec7<\/h3><\/div><\/div><div class=\"ult-spacer spacer-69e78e542be11\" data-id=\"69e78e542be11\" data-height=\"30\" data-height-mobile=\"30\" data-height-tab=\"30\" data-height-tab-portrait=\"\" data-height-mobile-landscape=\"\" style=\"clear:both;display:block;\"><\/div>\n<div class=\"wpcf7 no-js\" id=\"wpcf7-f3265-o1\" lang=\"en-US\" dir=\"ltr\" data-wpcf7-id=\"3265\">\n<div class=\"screen-reader-response\"><p role=\"status\" aria-live=\"polite\" aria-atomic=\"true\"><\/p> <ul><\/ul><\/div>\n<form action=\"\/index.php\/wp-json\/wp\/v2\/pages\/3262#wpcf7-f3265-o1\" method=\"post\" class=\"wpcf7-form init\" aria-label=\"Contact form\" novalidate=\"novalidate\" data-status=\"init\">\n<fieldset class=\"hidden-fields-container\"><input type=\"hidden\" name=\"_wpcf7\" value=\"3265\" \/><input type=\"hidden\" name=\"_wpcf7_version\" value=\"6.1.1\" \/><input type=\"hidden\" name=\"_wpcf7_locale\" value=\"en_US\" \/><input type=\"hidden\" name=\"_wpcf7_unit_tag\" value=\"wpcf7-f3265-o1\" \/><input type=\"hidden\" name=\"_wpcf7_container_post\" value=\"0\" \/><input type=\"hidden\" name=\"_wpcf7_posted_data_hash\" value=\"\" \/>\n<\/fieldset>\n<div class=\"multiple-fields-light\">\n\t<div class=\"f-name\">\n\t\t<p>T\u00ean c\u1ee7a b\u1ea1n <span class=\"cforms-required\">(*)<\/span>\n\t\t<\/p>\n\t\t<p><span class=\"wpcf7-form-control-wrap\" data-name=\"your-name\"><input size=\"40\" maxlength=\"400\" class=\"wpcf7-form-control wpcf7-text wpcf7-validates-as-required\" aria-required=\"true\" aria-invalid=\"false\" value=\"\" type=\"text\" name=\"your-name\" \/><\/span>\n\t\t<\/p>\n\t<\/div>\n\t<div class=\"f-email\">\n\t\t<p>Email <span class=\"cforms-required\">(*)<\/span>\n\t\t<\/p>\n\t\t<p><span class=\"wpcf7-form-control-wrap\" data-name=\"your-email\"><input size=\"40\" maxlength=\"400\" class=\"wpcf7-form-control wpcf7-email wpcf7-validates-as-required wpcf7-text wpcf7-validates-as-email\" aria-required=\"true\" aria-invalid=\"false\" value=\"\" type=\"email\" name=\"your-email\" \/><\/span>\n\t\t<\/p>\n\t<\/div>\n\t<div class=\"f-subject\">\n\t\t<p>Ch\u1ee7 \u0111\u1ec1\n\t\t<\/p>\n\t\t<p><span class=\"wpcf7-form-control-wrap\" data-name=\"your-subject\"><input size=\"40\" maxlength=\"400\" class=\"wpcf7-form-control wpcf7-text\" aria-invalid=\"false\" value=\"\" type=\"text\" name=\"your-subject\" \/><\/span>\n\t\t<\/p>\n\t<\/div>\n\t<div class=\"f-message\">\n\t\t<p>N\u1ed9i dung\n\t\t<\/p>\n\t\t<p><span class=\"wpcf7-form-control-wrap\" data-name=\"your-message\"><textarea cols=\"40\" rows=\"10\" maxlength=\"2000\" class=\"wpcf7-form-control wpcf7-textarea\" aria-invalid=\"false\" name=\"your-message\"><\/textarea><\/span>\n\t\t<\/p>\n\t<\/div>\n\t<div class=\"bt-contact\">\n\t\t<p><a class=\"btn-send-email\"  href=\"javascript:;\"><span><input class=\"wpcf7-form-control wpcf7-submit has-spinner\" type=\"submit\" value=\"G\u1edfi th\u00f4ng tin\" \/><\/span><\/a>\n\t\t<\/p>\n\t<\/div>\n<\/div><div class=\"wpcf7-response-output\" aria-hidden=\"true\"><\/div>\n<\/form>\n<\/div>\n[\/vc_column_inner][vc_column_inner width=&#8221;1\/3&#8243;]<div class=\"ult-spacer spacer-69e78e542c949\" data-id=\"69e78e542c949\" data-height=\"0\" data-height-mobile=\"80\" data-height-tab=\"\" data-height-tab-portrait=\"\" data-height-mobile-landscape=\"80\" style=\"clear:both;display:block;\"><\/div><div class=\"ult-content-box-container \" >\t\t<div class=\"ult-content-box\" style=\"background-color:#f7f7f7;box-shadow: px px px px #f7f7f7 none;border-style:solid;border-width:1px;border-color:#f7f7f7;padding:40px;-webkit-transition: all 700ms ease;-moz-transition: all 700ms ease;-ms-transition: all 700ms ease;-o-transition: all 700ms ease;transition: all 700ms ease;\"  data-hover_bg_color=\"#f7f7f7\"  data-hover_box_shadow=\"none\"  data-hover_border_color=\"#f7f7f7\"     data-bg=\"#f7f7f7\"  data-border_color=\"#f7f7f7\" ><div id=\"ultimate-heading-558769e78e542c9fd\" class=\"uvc-heading ult-adjust-bottom-margin ultimate-heading-558769e78e542c9fd uvc-2332 \" data-hspacer=\"no_spacer\"  data-halign=\"left\" style=\"text-align:left\"><div class=\"uvc-heading-spacer no_spacer\" style=\"top\"><\/div><div class=\"uvc-main-heading ult-responsive\"  data-ultimate-target='.uvc-heading.ultimate-heading-558769e78e542c9fd h3'  data-responsive-json-new='{\"font-size\":\"\",\"line-height\":\"\"}' ><h3 style=\"font-family:&#039;Montserrat&#039;;font-weight:700;\">Other Contacts<\/h3><\/div><\/div><div class=\"ult-spacer spacer-69e78e542ca37\" data-id=\"69e78e542ca37\" data-height=\"30\" data-height-mobile=\"30\" data-height-tab=\"30\" data-height-tab-portrait=\"\" data-height-mobile-landscape=\"\" style=\"clear:both;display:block;\"><\/div><div class=\"aio-icon-component    style_1\"><div id=\"Info-box-wrap-9459\" class=\"aio-icon-box default-icon\" style=\"\"  ><div class=\"aio-icon-default\"><div class=\"ult-just-icon-wrapper  \"><div class=\"align-icon\" style=\"text-align:center;\">\n<div class=\"aio-icon none \"  style=\"color:#27ccc0;font-size:25px;display:inline-block;\">\n\t<i class=\"Defaults-home\"><\/i>\n<\/div><\/div><\/div><\/div><div class=\"aio-icon-header\" ><h3 class=\"aio-icon-title ult-responsive\"  data-ultimate-target='#Info-box-wrap-9459 .aio-icon-title'  data-responsive-json-new='{\"font-size\":\"desktop:14px;\",\"line-height\":\"\"}'  style=\"font-family:&#039;Open Sans&#039;;font-weight:normal;font-style:normal;color:#6b6b6b;\">25 \u0110\u1ed3 Chi\u1ec3u, P1, TP. V\u0169ng T\u00e0u<\/h3><\/div> <!-- header --><\/div> <!-- aio-icon-box --><\/div> <!-- aio-icon-component --><div class=\"ult-spacer spacer-69e78e542cbfe\" data-id=\"69e78e542cbfe\" data-height=\"5\" data-height-mobile=\"5\" data-height-tab=\"5\" data-height-tab-portrait=\"\" data-height-mobile-landscape=\"\" style=\"clear:both;display:block;\"><\/div><div class=\"aio-icon-component    style_1\"><div id=\"Info-box-wrap-1208\" class=\"aio-icon-box default-icon\" style=\"\"  ><div class=\"aio-icon-default\"><div class=\"ult-just-icon-wrapper  \"><div class=\"align-icon\" style=\"text-align:center;\">\n<div class=\"aio-icon none \"  style=\"color:#27ccc0;font-size:25px;display:inline-block;\">\n\t<i class=\"Defaults-envelope-o\"><\/i>\n<\/div><\/div><\/div><\/div><div class=\"aio-icon-header\" ><h3 class=\"aio-icon-title ult-responsive\"  data-ultimate-target='#Info-box-wrap-1208 .aio-icon-title'  data-responsive-json-new='{\"font-size\":\"desktop:14px;\",\"line-height\":\"\"}'  style=\"font-family:&#039;Open Sans&#039;;font-weight:normal;font-style:normal;color:#6b6b6b;\">info@doanhnghiepsonhung.vn<\/h3><\/div> <!-- header --><\/div> <!-- aio-icon-box --><\/div> <!-- aio-icon-component --><div class=\"ult-spacer spacer-69e78e542cc8f\" data-id=\"69e78e542cc8f\" data-height=\"5\" data-height-mobile=\"5\" data-height-tab=\"5\" data-height-tab-portrait=\"\" data-height-mobile-landscape=\"\" style=\"clear:both;display:block;\"><\/div><div class=\"aio-icon-component    style_1\"><div id=\"Info-box-wrap-6106\" class=\"aio-icon-box default-icon\" style=\"\"  ><div class=\"aio-icon-default\"><div class=\"ult-just-icon-wrapper  \"><div class=\"align-icon\" style=\"text-align:center;\">\n<div class=\"aio-icon none \"  style=\"color:#27ccc0;font-size:25px;display:inline-block;\">\n\t<i class=\"Defaults-phone\"><\/i>\n<\/div><\/div><\/div><\/div><div class=\"aio-icon-header\" ><h3 class=\"aio-icon-title ult-responsive\"  data-ultimate-target='#Info-box-wrap-6106 .aio-icon-title'  data-responsive-json-new='{\"font-size\":\"desktop:14px;\",\"line-height\":\"\"}'  style=\"font-family:&#039;Open Sans&#039;;font-weight:normal;font-style:normal;color:#6b6b6b;\">0764797978<\/h3><\/div> <!-- header --><\/div> <!-- aio-icon-box --><\/div> <!-- aio-icon-component --><div class=\"ult-spacer spacer-69e78e542cd0e\" data-id=\"69e78e542cd0e\" data-height=\"50\" data-height-mobile=\"50\" data-height-tab=\"50\" data-height-tab-portrait=\"\" data-height-mobile-landscape=\"\" style=\"clear:both;display:block;\"><\/div><div id=\"ultimate-heading-451569e78e542cd2b\" class=\"uvc-heading ult-adjust-bottom-margin ultimate-heading-451569e78e542cd2b uvc-8276 \" data-hspacer=\"no_spacer\"  data-halign=\"left\" style=\"text-align:left\"><div class=\"uvc-heading-spacer no_spacer\" style=\"top\"><\/div><div class=\"uvc-main-heading ult-responsive\"  data-ultimate-target='.uvc-heading.ultimate-heading-451569e78e542cd2b h3'  data-responsive-json-new='{\"font-size\":\"\",\"line-height\":\"\"}' ><h3 style=\"font-family:&#039;Montserrat&#039;;font-weight:700;\">Social Network<\/h3><\/div><\/div><div class=\"ult-spacer spacer-69e78e542cd54\" data-id=\"69e78e542cd54\" data-height=\"20\" data-height-mobile=\"20\" data-height-tab=\"20\" data-height-tab-portrait=\"\" data-height-mobile-landscape=\"\" style=\"clear:both;display:block;\"><\/div><div class=\"ult-just-icon-wrapper just-icon-align-left \"><div class=\"align-icon\" style=\"text-align:left;\">\n<a class=\"aio-tooltip 69e78e542cd7e\" href=\"http:\/\/facebook.com\" target=\"_blank\" rel=\"noopener\"  data-toggle=\"tooltip\" data-placement=\"top\"><div class=\"aio-tooltip 69e78e542cd7e\" data-toggle=\"tooltip\" data-placement=\"top\" title=\"Facebook\"><div class=\"aio-icon advanced \" data-animation=\"fadeInDown\" data-animation-delay=\"03\" style=\"color:rgba(0,0,0,0.9);background:#ffffff;border-style:solid;border-color:rgba(0,0,0,0.6);border-width:1px;width:30px;height:30px;line-height:30px;border-radius:3px;font-size:20px;\">\n\t<i class=\"Defaults-facebook facebook-f\"><\/i>\n<\/div><\/a><\/div><\/div><\/div><div class=\"ult-just-icon-wrapper just-icon-align-left \"><div class=\"align-icon\" style=\"text-align:left;\">\n<div class=\"aio-tooltip 69e78e542cdba\" data-toggle=\"tooltip\" data-placement=\"top\" title=\"Facebook\"><div class=\"aio-icon advanced \" data-animation=\"fadeInDown\" data-animation-delay=\"03\" style=\"color:rgba(0,0,0,0.9);background:#ffffff;border-style:solid;border-color:rgba(0,0,0,0.6);border-width:1px;width:30px;height:30px;line-height:30px;border-radius:3px;font-size:20px;\">\n\t<i class=\"Defaults-twitter\"><\/i>\n<\/div><\/div><\/div><\/div><div class=\"ult-just-icon-wrapper just-icon-align-left \"><div class=\"align-icon\" style=\"text-align:left;\">\n<div class=\"aio-tooltip 69e78e542cde0\" data-toggle=\"tooltip\" data-placement=\"top\" title=\"Facebook\"><div class=\"aio-icon advanced \" data-animation=\"fadeInDown\" data-animation-delay=\"03\" style=\"color:rgba(0,0,0,0.9);background:#ffffff;border-style:solid;border-color:rgba(0,0,0,0.6);border-width:1px;width:30px;height:30px;line-height:30px;border-radius:3px;font-size:20px;\">\n\t<i class=\"Defaults-dribbble\"><\/i>\n<\/div><\/div><\/div><\/div><div class=\"ult-just-icon-wrapper just-icon-align-left \"><div class=\"align-icon\" style=\"text-align:left;\">\n<div class=\"aio-tooltip 69e78e542ce04\" data-toggle=\"tooltip\" data-placement=\"top\" title=\"Facebook\"><div class=\"aio-icon advanced \" data-animation=\"fadeInDown\" data-animation-delay=\"03\" style=\"color:rgba(0,0,0,0.9);background:#ffffff;border-style:solid;border-color:rgba(0,0,0,0.6);border-width:1px;width:30px;height:30px;line-height:30px;border-radius:3px;font-size:20px;\">\n\t<i class=\"Defaults-tumblr\"><\/i>\n<\/div><\/div><\/div><\/div><div class=\"ult-just-icon-wrapper just-icon-align-left \"><div class=\"align-icon\" style=\"text-align:left;\">\n<div class=\"aio-tooltip 69e78e542ce25\" data-toggle=\"tooltip\" data-placement=\"top\" title=\"Facebook\"><div class=\"aio-icon advanced \" data-animation=\"fadeInDown\" data-animation-delay=\"03\" style=\"color:rgba(0,0,0,0.9);background:#ffffff;border-style:solid;border-color:rgba(0,0,0,0.6);border-width:1px;width:30px;height:30px;line-height:30px;border-radius:3px;font-size:20px;\">\n\t<i class=\"Defaults-linkedin\"><\/i>\n<\/div><\/div><\/div><\/div><div class=\"ult-spacer spacer-69e78e542ce36\" data-id=\"69e78e542ce36\" data-height=\"20\" data-height-mobile=\"20\" data-height-tab=\"20\" data-height-tab-portrait=\"\" data-height-mobile-landscape=\"\" style=\"clear:both;display:block;\"><\/div>\t\t<\/div><\/div>[\/vc_column_inner][\/vc_row_inner]<div class=\"ult-spacer spacer-69e78e542ce6a\" data-id=\"69e78e542ce6a\" data-height=\"80\" data-height-mobile=\"40\" data-height-tab=\"\" data-height-tab-portrait=\"\" data-height-mobile-landscape=\"40\" style=\"clear:both;display:block;\"><\/div><\/div>[\/vc_column][\/vc_row]<\/p>\n","protected":false},"excerpt":{"rendered":"<p>[vc_row][vc_column][\/vc_column][\/vc_row]<\/p>\n","protected":false},"author":1,"featured_media":0,"parent":0,"menu_order":0,"comment_status":"closed","ping_status":"closed","template":"page.php","meta":{"footnotes":""},"class_list":["post-3262","page","type-page","status-publish","hentry"],"yoast_head":"<!-- This site is optimized with the Yoast SEO plugin v25.7 - https:\/\/yoast.com\/wordpress\/plugins\/seo\/ -->\n<title>Li\u00ean h\u1ec7 - Doanh nghi\u1ec7p V\u1eadn T\u1ea3i S\u01a1n H\u00f9ng<\/title>\n<meta name=\"robots\" content=\"index, follow, max-snippet:-1, max-image-preview:large, max-video-preview:-1\" \/>\n<link rel=\"canonical\" href=\"https:\/\/doanhnghiepsonhung.vn\/index.php\/lien-he\/\" \/>\n<meta property=\"og:locale\" content=\"en_US\" \/>\n<meta property=\"og:type\" content=\"article\" \/>\n<meta property=\"og:title\" content=\"Li\u00ean h\u1ec7 - Doanh nghi\u1ec7p V\u1eadn T\u1ea3i S\u01a1n H\u00f9ng\" \/>\n<meta property=\"og:description\" content=\"[vc_row][vc_column][\/vc_column][\/vc_row]\" \/>\n<meta property=\"og:url\" content=\"https:\/\/doanhnghiepsonhung.vn\/index.php\/lien-he\/\" \/>\n<meta property=\"og:site_name\" content=\"Doanh nghi\u1ec7p V\u1eadn T\u1ea3i S\u01a1n H\u00f9ng\" \/>\n<meta property=\"article:modified_time\" content=\"2024-07-22T08:12:37+00:00\" \/>\n<meta name=\"twitter:card\" content=\"summary_large_image\" \/>\n<script type=\"application\/ld+json\" class=\"yoast-schema-graph\">{\"@context\":\"https:\/\/schema.org\",\"@graph\":[{\"@type\":\"WebPage\",\"@id\":\"https:\/\/doanhnghiepsonhung.vn\/index.php\/lien-he\/\",\"url\":\"https:\/\/doanhnghiepsonhung.vn\/index.php\/lien-he\/\",\"name\":\"Li\u00ean h\u1ec7 - Doanh nghi\u1ec7p V\u1eadn T\u1ea3i S\u01a1n H\u00f9ng\",\"isPartOf\":{\"@id\":\"https:\/\/doanhnghiepsonhung.vn\/#website\"},\"datePublished\":\"2022-10-24T08:56:54+00:00\",\"dateModified\":\"2024-07-22T08:12:37+00:00\",\"breadcrumb\":{\"@id\":\"https:\/\/doanhnghiepsonhung.vn\/index.php\/lien-he\/#breadcrumb\"},\"inLanguage\":\"en-US\",\"potentialAction\":[{\"@type\":\"ReadAction\",\"target\":[\"https:\/\/doanhnghiepsonhung.vn\/index.php\/lien-he\/\"]}]},{\"@type\":\"BreadcrumbList\",\"@id\":\"https:\/\/doanhnghiepsonhung.vn\/index.php\/lien-he\/#breadcrumb\",\"itemListElement\":[{\"@type\":\"ListItem\",\"position\":1,\"name\":\"Home\",\"item\":\"https:\/\/doanhnghiepsonhung.vn\/\"},{\"@type\":\"ListItem\",\"position\":2,\"name\":\"Li\u00ean h\u1ec7\"}]},{\"@type\":\"WebSite\",\"@id\":\"https:\/\/doanhnghiepsonhung.vn\/#website\",\"url\":\"https:\/\/doanhnghiepsonhung.vn\/\",\"name\":\"Doanh nghi\u1ec7p V\u1eadn T\u1ea3i S\u01a1n H\u00f9ng\",\"description\":\"Chuy\u1ebfn V\u0169ng T\u00e0u - S\u00e0i G\u00f2n ch\u1ec9 850k - d\u1ecbch v\u1ee5 h\u1ee3p \u0111\u1ed3ng xe \u0111i c\u00e1c t\u1ec9nh \",\"publisher\":{\"@id\":\"https:\/\/doanhnghiepsonhung.vn\/#organization\"},\"potentialAction\":[{\"@type\":\"SearchAction\",\"target\":{\"@type\":\"EntryPoint\",\"urlTemplate\":\"https:\/\/doanhnghiepsonhung.vn\/?s={search_term_string}\"},\"query-input\":{\"@type\":\"PropertyValueSpecification\",\"valueRequired\":true,\"valueName\":\"search_term_string\"}}],\"inLanguage\":\"en-US\"},{\"@type\":\"Organization\",\"@id\":\"https:\/\/doanhnghiepsonhung.vn\/#organization\",\"name\":\"Doanh nghi\u1ec7p V\u1eadn T\u1ea3i S\u01a1n H\u00f9ng\",\"url\":\"https:\/\/doanhnghiepsonhung.vn\/\",\"logo\":{\"@type\":\"ImageObject\",\"inLanguage\":\"en-US\",\"@id\":\"https:\/\/doanhnghiepsonhung.vn\/#\/schema\/logo\/image\/\",\"url\":\"https:\/\/doanhnghiepsonhung.vn\/wp-content\/uploads\/2024\/07\/Asset-11.png\",\"contentUrl\":\"https:\/\/doanhnghiepsonhung.vn\/wp-content\/uploads\/2024\/07\/Asset-11.png\",\"width\":233,\"height\":120,\"caption\":\"Doanh nghi\u1ec7p V\u1eadn T\u1ea3i S\u01a1n H\u00f9ng\"},\"image\":{\"@id\":\"https:\/\/doanhnghiepsonhung.vn\/#\/schema\/logo\/image\/\"}}]}<\/script>\n<!-- \/ Yoast SEO plugin. -->","yoast_head_json":{"title":"Li\u00ean h\u1ec7 - Doanh nghi\u1ec7p V\u1eadn T\u1ea3i S\u01a1n H\u00f9ng","robots":{"index":"index","follow":"follow","max-snippet":"max-snippet:-1","max-image-preview":"max-image-preview:large","max-video-preview":"max-video-preview:-1"},"canonical":"https:\/\/doanhnghiepsonhung.vn\/index.php\/lien-he\/","og_locale":"en_US","og_type":"article","og_title":"Li\u00ean h\u1ec7 - Doanh nghi\u1ec7p V\u1eadn T\u1ea3i S\u01a1n H\u00f9ng","og_description":"[vc_row][vc_column][\/vc_column][\/vc_row]","og_url":"https:\/\/doanhnghiepsonhung.vn\/index.php\/lien-he\/","og_site_name":"Doanh nghi\u1ec7p V\u1eadn T\u1ea3i S\u01a1n H\u00f9ng","article_modified_time":"2024-07-22T08:12:37+00:00","twitter_card":"summary_large_image","schema":{"@context":"https:\/\/schema.org","@graph":[{"@type":"WebPage","@id":"https:\/\/doanhnghiepsonhung.vn\/index.php\/lien-he\/","url":"https:\/\/doanhnghiepsonhung.vn\/index.php\/lien-he\/","name":"Li\u00ean h\u1ec7 - Doanh nghi\u1ec7p V\u1eadn T\u1ea3i S\u01a1n H\u00f9ng","isPartOf":{"@id":"https:\/\/doanhnghiepsonhung.vn\/#website"},"datePublished":"2022-10-24T08:56:54+00:00","dateModified":"2024-07-22T08:12:37+00:00","breadcrumb":{"@id":"https:\/\/doanhnghiepsonhung.vn\/index.php\/lien-he\/#breadcrumb"},"inLanguage":"en-US","potentialAction":[{"@type":"ReadAction","target":["https:\/\/doanhnghiepsonhung.vn\/index.php\/lien-he\/"]}]},{"@type":"BreadcrumbList","@id":"https:\/\/doanhnghiepsonhung.vn\/index.php\/lien-he\/#breadcrumb","itemListElement":[{"@type":"ListItem","position":1,"name":"Home","item":"https:\/\/doanhnghiepsonhung.vn\/"},{"@type":"ListItem","position":2,"name":"Li\u00ean h\u1ec7"}]},{"@type":"WebSite","@id":"https:\/\/doanhnghiepsonhung.vn\/#website","url":"https:\/\/doanhnghiepsonhung.vn\/","name":"Doanh nghi\u1ec7p V\u1eadn T\u1ea3i S\u01a1n H\u00f9ng","description":"Chuy\u1ebfn V\u0169ng T\u00e0u - S\u00e0i G\u00f2n ch\u1ec9 850k - d\u1ecbch v\u1ee5 h\u1ee3p \u0111\u1ed3ng xe \u0111i c\u00e1c t\u1ec9nh ","publisher":{"@id":"https:\/\/doanhnghiepsonhung.vn\/#organization"},"potentialAction":[{"@type":"SearchAction","target":{"@type":"EntryPoint","urlTemplate":"https:\/\/doanhnghiepsonhung.vn\/?s={search_term_string}"},"query-input":{"@type":"PropertyValueSpecification","valueRequired":true,"valueName":"search_term_string"}}],"inLanguage":"en-US"},{"@type":"Organization","@id":"https:\/\/doanhnghiepsonhung.vn\/#organization","name":"Doanh nghi\u1ec7p V\u1eadn T\u1ea3i S\u01a1n H\u00f9ng","url":"https:\/\/doanhnghiepsonhung.vn\/","logo":{"@type":"ImageObject","inLanguage":"en-US","@id":"https:\/\/doanhnghiepsonhung.vn\/#\/schema\/logo\/image\/","url":"https:\/\/doanhnghiepsonhung.vn\/wp-content\/uploads\/2024\/07\/Asset-11.png","contentUrl":"https:\/\/doanhnghiepsonhung.vn\/wp-content\/uploads\/2024\/07\/Asset-11.png","width":233,"height":120,"caption":"Doanh nghi\u1ec7p V\u1eadn T\u1ea3i S\u01a1n H\u00f9ng"},"image":{"@id":"https:\/\/doanhnghiepsonhung.vn\/#\/schema\/logo\/image\/"}}]}},"_links":{"self":[{"href":"https:\/\/doanhnghiepsonhung.vn\/index.php\/wp-json\/wp\/v2\/pages\/3262","targetHints":{"allow":["GET"]}}],"collection":[{"href":"https:\/\/doanhnghiepsonhung.vn\/index.php\/wp-json\/wp\/v2\/pages"}],"about":[{"href":"https:\/\/doanhnghiepsonhung.vn\/index.php\/wp-json\/wp\/v2\/types\/page"}],"author":[{"embeddable":true,"href":"https:\/\/doanhnghiepsonhung.vn\/index.php\/wp-json\/wp\/v2\/users\/1"}],"replies":[{"embeddable":true,"href":"https:\/\/doanhnghiepsonhung.vn\/index.php\/wp-json\/wp\/v2\/comments?post=3262"}],"version-history":[{"count":0,"href":"https:\/\/doanhnghiepsonhung.vn\/index.php\/wp-json\/wp\/v2\/pages\/3262\/revisions"}],"wp:attachment":[{"href":"https:\/\/doanhnghiepsonhung.vn\/index.php\/wp-json\/wp\/v2\/media?parent=3262"}],"curies":[{"name":"wp","href":"https:\/\/api.w.org\/{rel}","templated":true}]}}